{"id":1511,"date":"2019-03-28T15:53:14","date_gmt":"2019-03-28T14:53:14","guid":{"rendered":"https:\/\/franciscoperezyomaholdings.com\/?page_id=1511"},"modified":"2021-03-03T16:21:56","modified_gmt":"2021-03-03T19:21:56","slug":"francisco-perez-yoma","status":"publish","type":"page","link":"https:\/\/franciscoperezyomaholdings.com\/es\/francisco-perez-yoma\/","title":{"rendered":"Francisco Perez Yoma"},"content":{"rendered":"\t\t<div data-elementor-type=\"wp-post\" data-elementor-id=\"1511\" class=\"elementor elementor-1511\">\n\t\t\t\t\t\t<section class=\"elementor-section elementor-top-section elementor-element elementor-element-797a4fd3 elementor-section-height-min-height elementor-section-content-middle elementor-section-boxed elementor-section-height-default elementor-section-items-middle\" data-id=\"797a4fd3\" data-element_type=\"section\" data-e-type=\"section\" data-settings=\"{&quot;background_background&quot;:&quot;classic&quot;}\">\n\t\t\t\t\t\t\t<div class=\"elementor-background-overlay\"><\/div>\n\t\t\t\t\t\t\t<div class=\"elementor-container elementor-column-gap-default\">\n\t\t\t\t\t<div class=\"elementor-column elementor-col-100 elementor-top-column elementor-element elementor-element-83a6b7c\" data-id=\"83a6b7c\" data-element_type=\"column\" data-e-type=\"column\">\n\t\t\t<div class=\"elementor-widget-wrap elementor-element-populated\">\n\t\t\t\t\t\t<div class=\"elementor-element elementor-element-712110f elementor-heading__align-center elementor-widget elementor-widget-heading\" data-id=\"712110f\" data-element_type=\"widget\" data-e-type=\"widget\" data-widget_type=\"heading.default\">\n\t\t\t\t<div class=\"elementor-widget-container\">\n\t\t\t\t\t<h2 class=\"elementor-heading-title elementor-size-default\">Francisco Perez Yoma\n<\/h2>\t\t\t\t<\/div>\n\t\t\t\t<\/div>\n\t\t\t\t\t<\/div>\n\t\t<\/div>\n\t\t\t\t\t<\/div>\n\t\t<\/section>\n\t\t\t\t<section class=\"elementor-section elementor-top-section elementor-element elementor-element-5ac459b6 elementor-section-boxed elementor-section-height-default elementor-section-height-default\" data-id=\"5ac459b6\" data-element_type=\"section\" data-e-type=\"section\">\n\t\t\t\t\t\t<div class=\"elementor-container elementor-column-gap-default\">\n\t\t\t\t\t<div class=\"elementor-column elementor-col-100 elementor-top-column elementor-element elementor-element-5f0ab6a0\" data-id=\"5f0ab6a0\" data-element_type=\"column\" data-e-type=\"column\">\n\t\t\t<div class=\"elementor-widget-wrap elementor-element-populated\">\n\t\t\t\t\t\t<div class=\"elementor-element elementor-element-d1833d3 elementor-widget elementor-widget-text-editor\" data-id=\"d1833d3\" data-element_type=\"widget\" data-e-type=\"widget\" data-widget_type=\"text-editor.default\">\n\t\t\t\t<div class=\"elementor-widget-container\">\n\t\t\t\t\t\t\t\t\t<p><span style=\"font-weight: 400;\"><a href=\"https:\/\/franciscoperezyoma.com\/\">Francisco P\u00e9rez Yoma<\/a> es un ingeniero y empresario chileno del sector inmobiliario. <\/span><span style=\"font-weight: 400;\">Francisco P\u00e9rez estudi\u00f3 en el Saint George\u2019s College y en la Universidad de Chile<\/span><span style=\"font-weight: 400;\">, <\/span><span style=\"font-weight: 400;\">donde se titul\u00f3 como Ingeniero Civil.<\/span><\/p><p><span style=\"font-weight: 400;\">Fundador de Empresas FPY en 1978, uno de los grupos de construcci\u00f3n e inmobiliario m\u00e1s grandes de Chile, dedicado principalmente a la construcci\u00f3n de viviendas de inter\u00e9s social y sectores medios, con 120 mil viviendas construidas desde su creaci\u00f3n. <\/span><\/p><p><span style=\"font-weight: 400;\">Es fundador y Presidente de la <\/span><a href=\"http:\/\/www.py.cl\/\"><span style=\"font-weight: 400;\">Inmobiliaria PY S.A.<\/span><\/a><span style=\"font-weight: 400;\">, la cual forma parte de Empresas FPY y de un holding de empresas dedicadas a la construcci\u00f3n y gesti\u00f3n inmobiliaria. Cuenta con m\u00e1s de 35 a\u00f1os de experiencia, y hoy en d\u00eda se ha posicionado como una empresa l\u00edder en el mercado inmobiliario con presencia en varias de las regiones m\u00e1s importantes de Chile<\/span><\/p><p><span style=\"font-weight: 400;\">Fund\u00f3 <\/span><a href=\"https:\/\/maquinariapy.cl\/\"><span style=\"font-weight: 400;\">Maquinaria PY S.A.<\/span><\/a><span style=\"font-weight: 400;\"> Empresa que brinda un excelente servicio en el arriendo de maquinaria y equipos para la construcci\u00f3n desde el a\u00f1o 1987, respaldados por m\u00e1s de 25 a\u00f1os de experiencia de sus socios y fundadores, quienes se han encargado en convertir el departamento de maquinaria de empresas FPY en una empresa proveedora de servicios para la construcci\u00f3n.<\/span><\/p><p><span style=\"font-weight: 400;\">Es socio fundador de <\/span><a href=\"http:\/\/www.constructoracarran.cl\/\"><span style=\"font-weight: 400;\">Constructora Carran S.A.<\/span><\/a><span style=\"font-weight: 400;\"> la cual ya ha construido 100 mil hogares a lo largo de la segunda, tercera, cuarta, quinta, sexta, octava y d\u00e9cima regi\u00f3n de Chile.<\/span><\/p><p><span style=\"font-weight: 400;\">En 1994 fue precursor de la creaci\u00f3n de las Zonas de Desarrollo Urbano Condicionado (ZODUC), instrumento de planificaci\u00f3n urbana implementado en 1997, que genera grandes barrios con casas equipadas, \u00e1reas verdes, comercios y servicios. <\/span><\/p><p><span style=\"font-weight: 400;\">En el a\u00f1o 1995, Francisco P\u00e9rez adquiri\u00f3 la Pesquera Confish S.A., la cual se dedica a la fabricaci\u00f3n de harina y aceite de pescado en Coronel, Regi\u00f3n del B\u00edo B\u00edo, Chile. Esta firma se fusion\u00f3 en 2002 con Pesquera Itata S.A., hoy Blumar S.A., una de las principales empresas pesqueras en el pa\u00eds<\/span><span style=\"font-weight: 400;\">. <\/span><\/p><p><span style=\"font-weight: 400;\">En el rubro agr\u00edcola es actualmente Presidente de Agr\u00edcola Los Alfalfales, empresa dedicada a la producci\u00f3n de frutos secos desde el a\u00f1o 1985.<\/span><\/p><p><span style=\"font-weight: 400;\">Francisco P\u00e9rez Yoma posee inversiones en el extranjero, principalmente en Estados Unidos. Participa en el rubro hotelero, donde es miembro del Directorio y del Comit\u00e9 de Inversiones de Driftwood Development Partners y Driftwood Lending Partners (<a href=\"https:\/\/www.dadlp.com\/\">www.dadlp.com<\/a>), y tambi\u00e9n en los rubros de renta inmobiliaria de oficinas, desarrollo inmobiliario de viviendas y posee una operaci\u00f3n agr\u00edcola ganadera.<br \/><\/span><\/p>\t\t\t\t\t\t\t\t<\/div>\n\t\t\t\t<\/div>\n\t\t\t\t\t<\/div>\n\t\t<\/div>\n\t\t\t\t\t<\/div>\n\t\t<\/section>\n\t\t\t\t<\/div>\n\t\t","protected":false},"excerpt":{"rendered":"<p>Francisco Perez Yoma Francisco P\u00e9rez Yoma es un ingeniero y empresario chileno del sector inmobiliario. Francisco P\u00e9rez estudi\u00f3 en el Saint George\u2019s College y en la Universidad de Chile, donde se titul\u00f3 como Ingeniero Civil. Fundador de Empresas FPY en 1978, uno de los grupos de construcci\u00f3n e inmobiliario m\u00e1s grandes de Chile, dedicado principalmente &hellip; <\/p>\n<p class=\"link-more\"><a href=\"https:\/\/franciscoperezyomaholdings.com\/es\/francisco-perez-yoma\/\" class=\"more-link\">Read More <span class=\"screen-reader-text\"> \u00abFrancisco Perez Yoma\u00bb<\/span><\/a><\/p>\n","protected":false},"author":1,"featured_media":0,"parent":0,"menu_order":0,"comment_status":"closed","ping_status":"closed","template":"template-page-builder.php","meta":{"inline_featured_image":false,"footnotes":""},"class_list":["post-1511","page","type-page","status-publish","hentry"],"yoast_head":"<!-- This site is optimized with the Yoast SEO plugin v27.5 - https:\/\/yoast.com\/product\/yoast-seo-wordpress\/ -->\n<title>Conoce m\u00e1s sobre nosotros | Francisco P\u00e9rez Yoma<\/title>\n<meta name=\"description\" content=\"Francisco P\u00e9rez Yoma posee inversiones en el extranjero, principalmente en Estados Unidos. Participa en los rubros de hoteler\u00eda, inmobiliaria y agricultura.\" \/>\n<meta name=\"robots\" content=\"index, follow, max-snippet:-1, max-image-preview:large, max-video-preview:-1\" \/>\n<link rel=\"canonical\" href=\"https:\/\/franciscoperezyomaholdings.com\/francisco-perez-yoma\/\" \/>\n<meta property=\"og:locale\" content=\"es_ES\" \/>\n<meta property=\"og:type\" content=\"article\" \/>\n<meta property=\"og:title\" content=\"Conoce m\u00e1s sobre nosotros | Francisco P\u00e9rez Yoma\" \/>\n<meta property=\"og:description\" content=\"Francisco P\u00e9rez Yoma posee inversiones en el extranjero, principalmente en Estados Unidos. Participa en los rubros de hoteler\u00eda, inmobiliaria y agricultura.\" \/>\n<meta property=\"og:url\" content=\"https:\/\/franciscoperezyomaholdings.com\/francisco-perez-yoma\/\" \/>\n<meta property=\"og:site_name\" content=\"franciscoperezyomaholdings\" \/>\n<meta property=\"article:modified_time\" content=\"2021-03-03T19:21:56+00:00\" \/>\n<meta name=\"twitter:card\" content=\"summary_large_image\" \/>\n<meta name=\"twitter:label1\" content=\"Tiempo de lectura\" \/>\n\t<meta name=\"twitter:data1\" content=\"2 minutos\" \/>\n<script type=\"application\/ld+json\" class=\"yoast-schema-graph\">{\"@context\":\"https:\\\/\\\/schema.org\",\"@graph\":[{\"@type\":\"WebPage\",\"@id\":\"https:\\\/\\\/franciscoperezyomaholdings.com\\\/francisco-perez-yoma\\\/\",\"url\":\"https:\\\/\\\/franciscoperezyomaholdings.com\\\/francisco-perez-yoma\\\/\",\"name\":\"Conoce m\u00e1s sobre nosotros | Francisco P\u00e9rez Yoma\",\"isPartOf\":{\"@id\":\"https:\\\/\\\/franciscoperezyomaholdings.com\\\/#website\"},\"datePublished\":\"2019-03-28T14:53:14+00:00\",\"dateModified\":\"2021-03-03T19:21:56+00:00\",\"description\":\"Francisco P\u00e9rez Yoma posee inversiones en el extranjero, principalmente en Estados Unidos. Participa en los rubros de hoteler\u00eda, inmobiliaria y agricultura.\",\"breadcrumb\":{\"@id\":\"https:\\\/\\\/franciscoperezyomaholdings.com\\\/francisco-perez-yoma\\\/#breadcrumb\"},\"inLanguage\":\"es\",\"potentialAction\":[{\"@type\":\"ReadAction\",\"target\":[\"https:\\\/\\\/franciscoperezyomaholdings.com\\\/francisco-perez-yoma\\\/\"]}]},{\"@type\":\"BreadcrumbList\",\"@id\":\"https:\\\/\\\/franciscoperezyomaholdings.com\\\/francisco-perez-yoma\\\/#breadcrumb\",\"itemListElement\":[{\"@type\":\"ListItem\",\"position\":1,\"name\":\"Portada\",\"item\":\"https:\\\/\\\/franciscoperezyomaholdings.com\\\/home\\\/\"},{\"@type\":\"ListItem\",\"position\":2,\"name\":\"Francisco Perez Yoma\"}]},{\"@type\":\"WebSite\",\"@id\":\"https:\\\/\\\/franciscoperezyomaholdings.com\\\/#website\",\"url\":\"https:\\\/\\\/franciscoperezyomaholdings.com\\\/\",\"name\":\"franciscoperezyomaholdings\",\"description\":\"\",\"publisher\":{\"@id\":\"https:\\\/\\\/franciscoperezyomaholdings.com\\\/#organization\"},\"potentialAction\":[{\"@type\":\"SearchAction\",\"target\":{\"@type\":\"EntryPoint\",\"urlTemplate\":\"https:\\\/\\\/franciscoperezyomaholdings.com\\\/?s={search_term_string}\"},\"query-input\":{\"@type\":\"PropertyValueSpecification\",\"valueRequired\":true,\"valueName\":\"search_term_string\"}}],\"inLanguage\":\"es\"},{\"@type\":\"Organization\",\"@id\":\"https:\\\/\\\/franciscoperezyomaholdings.com\\\/#organization\",\"name\":\"franciscoperezyomaholdings\",\"url\":\"https:\\\/\\\/franciscoperezyomaholdings.com\\\/\",\"logo\":{\"@type\":\"ImageObject\",\"inLanguage\":\"es\",\"@id\":\"https:\\\/\\\/franciscoperezyomaholdings.com\\\/#\\\/schema\\\/logo\\\/image\\\/\",\"url\":\"https:\\\/\\\/franciscoperezyomaholdings.com\\\/wp-content\\\/uploads\\\/2018\\\/12\\\/logo.svg\",\"contentUrl\":\"https:\\\/\\\/franciscoperezyomaholdings.com\\\/wp-content\\\/uploads\\\/2018\\\/12\\\/logo.svg\",\"caption\":\"franciscoperezyomaholdings\"},\"image\":{\"@id\":\"https:\\\/\\\/franciscoperezyomaholdings.com\\\/#\\\/schema\\\/logo\\\/image\\\/\"}}]}<\/script>\n<!-- \/ Yoast SEO plugin. -->","yoast_head_json":{"title":"Conoce m\u00e1s sobre nosotros | Francisco P\u00e9rez Yoma","description":"Francisco P\u00e9rez Yoma posee inversiones en el extranjero, principalmente en Estados Unidos. Participa en los rubros de hoteler\u00eda, inmobiliaria y agricultura.","robots":{"index":"index","follow":"follow","max-snippet":"max-snippet:-1","max-image-preview":"max-image-preview:large","max-video-preview":"max-video-preview:-1"},"canonical":"https:\/\/franciscoperezyomaholdings.com\/francisco-perez-yoma\/","og_locale":"es_ES","og_type":"article","og_title":"Conoce m\u00e1s sobre nosotros | Francisco P\u00e9rez Yoma","og_description":"Francisco P\u00e9rez Yoma posee inversiones en el extranjero, principalmente en Estados Unidos. Participa en los rubros de hoteler\u00eda, inmobiliaria y agricultura.","og_url":"https:\/\/franciscoperezyomaholdings.com\/francisco-perez-yoma\/","og_site_name":"franciscoperezyomaholdings","article_modified_time":"2021-03-03T19:21:56+00:00","twitter_card":"summary_large_image","twitter_misc":{"Tiempo de lectura":"2 minutos"},"schema":{"@context":"https:\/\/schema.org","@graph":[{"@type":"WebPage","@id":"https:\/\/franciscoperezyomaholdings.com\/francisco-perez-yoma\/","url":"https:\/\/franciscoperezyomaholdings.com\/francisco-perez-yoma\/","name":"Conoce m\u00e1s sobre nosotros | Francisco P\u00e9rez Yoma","isPartOf":{"@id":"https:\/\/franciscoperezyomaholdings.com\/#website"},"datePublished":"2019-03-28T14:53:14+00:00","dateModified":"2021-03-03T19:21:56+00:00","description":"Francisco P\u00e9rez Yoma posee inversiones en el extranjero, principalmente en Estados Unidos. Participa en los rubros de hoteler\u00eda, inmobiliaria y agricultura.","breadcrumb":{"@id":"https:\/\/franciscoperezyomaholdings.com\/francisco-perez-yoma\/#breadcrumb"},"inLanguage":"es","potentialAction":[{"@type":"ReadAction","target":["https:\/\/franciscoperezyomaholdings.com\/francisco-perez-yoma\/"]}]},{"@type":"BreadcrumbList","@id":"https:\/\/franciscoperezyomaholdings.com\/francisco-perez-yoma\/#breadcrumb","itemListElement":[{"@type":"ListItem","position":1,"name":"Portada","item":"https:\/\/franciscoperezyomaholdings.com\/home\/"},{"@type":"ListItem","position":2,"name":"Francisco Perez Yoma"}]},{"@type":"WebSite","@id":"https:\/\/franciscoperezyomaholdings.com\/#website","url":"https:\/\/franciscoperezyomaholdings.com\/","name":"franciscoperezyomaholdings","description":"","publisher":{"@id":"https:\/\/franciscoperezyomaholdings.com\/#organization"},"potentialAction":[{"@type":"SearchAction","target":{"@type":"EntryPoint","urlTemplate":"https:\/\/franciscoperezyomaholdings.com\/?s={search_term_string}"},"query-input":{"@type":"PropertyValueSpecification","valueRequired":true,"valueName":"search_term_string"}}],"inLanguage":"es"},{"@type":"Organization","@id":"https:\/\/franciscoperezyomaholdings.com\/#organization","name":"franciscoperezyomaholdings","url":"https:\/\/franciscoperezyomaholdings.com\/","logo":{"@type":"ImageObject","inLanguage":"es","@id":"https:\/\/franciscoperezyomaholdings.com\/#\/schema\/logo\/image\/","url":"https:\/\/franciscoperezyomaholdings.com\/wp-content\/uploads\/2018\/12\/logo.svg","contentUrl":"https:\/\/franciscoperezyomaholdings.com\/wp-content\/uploads\/2018\/12\/logo.svg","caption":"franciscoperezyomaholdings"},"image":{"@id":"https:\/\/franciscoperezyomaholdings.com\/#\/schema\/logo\/image\/"}}]}},"jetpack_sharing_enabled":true,"_links":{"self":[{"href":"https:\/\/franciscoperezyomaholdings.com\/es\/wp-json\/wp\/v2\/pages\/1511","targetHints":{"allow":["GET"]}}],"collection":[{"href":"https:\/\/franciscoperezyomaholdings.com\/es\/wp-json\/wp\/v2\/pages"}],"about":[{"href":"https:\/\/franciscoperezyomaholdings.com\/es\/wp-json\/wp\/v2\/types\/page"}],"author":[{"embeddable":true,"href":"https:\/\/franciscoperezyomaholdings.com\/es\/wp-json\/wp\/v2\/users\/1"}],"replies":[{"embeddable":true,"href":"https:\/\/franciscoperezyomaholdings.com\/es\/wp-json\/wp\/v2\/comments?post=1511"}],"version-history":[{"count":22,"href":"https:\/\/franciscoperezyomaholdings.com\/es\/wp-json\/wp\/v2\/pages\/1511\/revisions"}],"predecessor-version":[{"id":2439,"href":"https:\/\/franciscoperezyomaholdings.com\/es\/wp-json\/wp\/v2\/pages\/1511\/revisions\/2439"}],"wp:attachment":[{"href":"https:\/\/franciscoperezyomaholdings.com\/es\/wp-json\/wp\/v2\/media?parent=1511"}],"curies":[{"name":"wp","href":"https:\/\/api.w.org\/{rel}","templated":true}]}}