{"id":1255,"date":"2019-02-24T06:28:15","date_gmt":"2019-02-24T05:28:15","guid":{"rendered":"https:\/\/franciscoperezyomaholdings.com\/?page_id=1255"},"modified":"2024-08-29T14:56:29","modified_gmt":"2024-08-29T18:56:29","slug":"multifamily","status":"publish","type":"page","link":"https:\/\/franciscoperezyomaholdings.com\/es\/multifamily\/","title":{"rendered":"Multifamily"},"content":{"rendered":"\t\t<div data-elementor-type=\"wp-post\" data-elementor-id=\"1255\" class=\"elementor elementor-1255\">\n\t\t\t\t\t\t<section class=\"elementor-section elementor-top-section elementor-element elementor-element-a876a1b elementor-section-height-min-height elementor-section-boxed elementor-section-height-default elementor-section-items-middle\" data-id=\"a876a1b\" data-element_type=\"section\" data-e-type=\"section\" data-settings=\"{&quot;background_background&quot;:&quot;classic&quot;}\">\n\t\t\t\t\t\t\t<div class=\"elementor-background-overlay\"><\/div>\n\t\t\t\t\t\t\t<div class=\"elementor-container elementor-column-gap-default\">\n\t\t\t\t\t<div class=\"elementor-column elementor-col-100 elementor-top-column elementor-element elementor-element-c78a11f\" data-id=\"c78a11f\" data-element_type=\"column\" data-e-type=\"column\">\n\t\t\t<div class=\"elementor-widget-wrap elementor-element-populated\">\n\t\t\t\t\t\t<div class=\"elementor-element elementor-element-fe2dd72 elementor-heading__align-center elementor-widget elementor-widget-heading\" data-id=\"fe2dd72\" data-element_type=\"widget\" data-e-type=\"widget\" data-widget_type=\"heading.default\">\n\t\t\t\t<div class=\"elementor-widget-container\">\n\t\t\t\t\t<h2 class=\"elementor-heading-title elementor-size-large\">Multifamily<\/h2>\t\t\t\t<\/div>\n\t\t\t\t<\/div>\n\t\t\t\t<div class=\"elementor-element elementor-element-a2630f3 elementor-widget-divider--view-line elementor-widget elementor-widget-divider\" data-id=\"a2630f3\" data-element_type=\"widget\" data-e-type=\"widget\" data-widget_type=\"divider.default\">\n\t\t\t\t<div class=\"elementor-widget-container\">\n\t\t\t\t\t\t\t<div class=\"elementor-divider\">\n\t\t\t<span class=\"elementor-divider-separator\">\n\t\t\t\t\t\t<\/span>\n\t\t<\/div>\n\t\t\t\t\t\t<\/div>\n\t\t\t\t<\/div>\n\t\t\t\t<div class=\"elementor-element elementor-element-0b8ed4a elementor-widget elementor-widget-heading\" data-id=\"0b8ed4a\" data-element_type=\"widget\" data-e-type=\"widget\" data-widget_type=\"heading.default\">\n\t\t\t\t<div class=\"elementor-widget-container\">\n\t\t\t\t\t<p class=\"elementor-heading-title elementor-size-medium\">Francisco P\u00e9rez Yoma tiene inversiones en desarrollo de 6\nedificios de multifamily. Estos 6 proyectos juntos\ntotalizar\u00e1n m\u00e1s de 1637 unidades para arriendo. Estas\ninversiones se hacen a trav\u00e9s de participaci\u00f3n en fondos\nde inversi\u00f3n.<\/p>\t\t\t\t<\/div>\n\t\t\t\t<\/div>\n\t\t\t\t\t<\/div>\n\t\t<\/div>\n\t\t\t\t\t<\/div>\n\t\t<\/section>\n\t\t\t\t<section class=\"elementor-section elementor-top-section elementor-element elementor-element-4684cb2a elementor-section-content-middle elementor-section-boxed elementor-section-height-default elementor-section-height-default\" data-id=\"4684cb2a\" data-element_type=\"section\" data-e-type=\"section\">\n\t\t\t\t\t\t<div class=\"elementor-container elementor-column-gap-no\">\n\t\t\t\t\t<div class=\"elementor-column elementor-col-100 elementor-top-column elementor-element elementor-element-1b085df4\" data-id=\"1b085df4\" data-element_type=\"column\" data-e-type=\"column\">\n\t\t\t<div class=\"elementor-widget-wrap elementor-element-populated\">\n\t\t\t\t\t\t<section class=\"elementor-section elementor-inner-section elementor-element elementor-element-a5e423a elementor-section-content-middle elementor-section-boxed elementor-section-height-default elementor-section-height-default\" data-id=\"a5e423a\" data-element_type=\"section\" data-e-type=\"section\">\n\t\t\t\t\t\t<div class=\"elementor-container elementor-column-gap-extended\">\n\t\t\t\t\t<div class=\"elementor-column elementor-col-50 elementor-inner-column elementor-element elementor-element-d6cf558\" data-id=\"d6cf558\" data-element_type=\"column\" data-e-type=\"column\">\n\t\t\t<div class=\"elementor-widget-wrap elementor-element-populated\">\n\t\t\t\t\t\t<div class=\"elementor-element elementor-element-3ca7d69 elementor-position-top imagebox-svg-transform-none elementor-vertical-align-top elementor-widget elementor-widget-image-box\" data-id=\"3ca7d69\" data-element_type=\"widget\" data-e-type=\"widget\" data-widget_type=\"image-box.default\">\n\t\t\t\t<div class=\"elementor-widget-container\">\n\t\t\t\t\t<div class=\"elementor-image-box-wrapper\"><div class=\"elementor-image-framed\"><figure class=\"elementor-image-box-img\"><img decoding=\"async\" src=\"https:\/\/franciscoperezyomaholdings.com\/wp-content\/uploads\/elementor\/thumbs\/main-street-lofts-francisco-perez-yoma-qy1oxkm138lacgt21kyuho5uy6bq3wmxyzgx5tht5c.png\" title=\"main-street-lofts-francisco-perez-yoma\" alt=\"main-street-lofts-francisco-perez-yoma\" loading=\"lazy\" \/><\/figure><\/div><div class=\"elementor-image-box-content\"><h3 class=\"elementor-image-box-title\">MAIN STREET LOFTS \u2013 DALLAS \/ FORT WORTH, TX<\/h3><p class=\"elementor-image-box-description\">Complejo de 266 unidades<\/p><\/div><\/div>\t\t\t\t<\/div>\n\t\t\t\t<\/div>\n\t\t\t\t\t<\/div>\n\t\t<\/div>\n\t\t\t\t<div class=\"elementor-column elementor-col-50 elementor-inner-column elementor-element elementor-element-4e02834\" data-id=\"4e02834\" data-element_type=\"column\" data-e-type=\"column\">\n\t\t\t<div class=\"elementor-widget-wrap elementor-element-populated\">\n\t\t\t\t\t\t<div class=\"elementor-element elementor-element-ebd6f53 elementor-position-top imagebox-svg-transform-none elementor-vertical-align-top elementor-widget elementor-widget-image-box\" data-id=\"ebd6f53\" data-element_type=\"widget\" data-e-type=\"widget\" data-widget_type=\"image-box.default\">\n\t\t\t\t<div class=\"elementor-widget-container\">\n\t\t\t\t\t<div class=\"elementor-image-box-wrapper\"><div class=\"elementor-image-framed\"><figure class=\"elementor-image-box-img\"><img decoding=\"async\" src=\"https:\/\/franciscoperezyomaholdings.com\/wp-content\/uploads\/elementor\/thumbs\/richmond-row-suwanee-georgia-qy1oxhsiiqhfdmx5i1qys6vh60pmgtbqyligpzlzo0.png\" title=\"richmond row suwanee georgia\" alt=\"richmond row suwanee georgia\" loading=\"lazy\" \/><\/figure><\/div><div class=\"elementor-image-box-content\"><h3 class=\"elementor-image-box-title\">Richmond Row \u2013 Suwanee, Georgia<\/h3><p class=\"elementor-image-box-description\">Complejo de 345 unidades\n<\/p><\/div><\/div>\t\t\t\t<\/div>\n\t\t\t\t<\/div>\n\t\t\t\t\t<\/div>\n\t\t<\/div>\n\t\t\t\t\t<\/div>\n\t\t<\/section>\n\t\t\t\t<section class=\"elementor-section elementor-inner-section elementor-element elementor-element-3210148 elementor-section-content-middle elementor-section-boxed elementor-section-height-default elementor-section-height-default\" data-id=\"3210148\" data-element_type=\"section\" data-e-type=\"section\">\n\t\t\t\t\t\t<div class=\"elementor-container elementor-column-gap-extended\">\n\t\t\t\t\t<div class=\"elementor-column elementor-col-50 elementor-inner-column elementor-element elementor-element-08f2a74\" data-id=\"08f2a74\" data-element_type=\"column\" data-e-type=\"column\">\n\t\t\t<div class=\"elementor-widget-wrap elementor-element-populated\">\n\t\t\t\t\t\t<div class=\"elementor-element elementor-element-edf029a elementor-position-top imagebox-svg-transform-none elementor-vertical-align-top elementor-widget elementor-widget-image-box\" data-id=\"edf029a\" data-element_type=\"widget\" data-e-type=\"widget\" data-widget_type=\"image-box.default\">\n\t\t\t\t<div class=\"elementor-widget-container\">\n\t\t\t\t\t<div class=\"elementor-image-box-wrapper\"><div class=\"elementor-image-framed\"><figure class=\"elementor-image-box-img\"><img decoding=\"async\" src=\"https:\/\/franciscoperezyomaholdings.com\/wp-content\/uploads\/elementor\/thumbs\/lake-worth-fort-worth-dallas-qy1oxhsiiqhfdmx5i1qys6vh60pmgtbqyligpzlzo0.png\" title=\"lake worth fort worth dallas\" alt=\"lake worth fort worth dallas\" loading=\"lazy\" \/><\/figure><\/div><div class=\"elementor-image-box-content\"><h3 class=\"elementor-image-box-title\">Lake Worth \u2013 Fort Worth, Dallas<\/h3><p class=\"elementor-image-box-description\">Complejo de 288 unidades<\/p><\/div><\/div>\t\t\t\t<\/div>\n\t\t\t\t<\/div>\n\t\t\t\t\t<\/div>\n\t\t<\/div>\n\t\t\t\t<div class=\"elementor-column elementor-col-50 elementor-inner-column elementor-element elementor-element-ba6cb0b\" data-id=\"ba6cb0b\" data-element_type=\"column\" data-e-type=\"column\">\n\t\t\t<div class=\"elementor-widget-wrap elementor-element-populated\">\n\t\t\t\t\t\t<div class=\"elementor-element elementor-element-dbd6531 elementor-position-top imagebox-svg-transform-none elementor-vertical-align-top elementor-widget elementor-widget-image-box\" data-id=\"dbd6531\" data-element_type=\"widget\" data-e-type=\"widget\" data-widget_type=\"image-box.default\">\n\t\t\t\t<div class=\"elementor-widget-container\">\n\t\t\t\t\t<div class=\"elementor-image-box-wrapper\"><div class=\"elementor-image-framed\"><figure class=\"elementor-image-box-img\"><img decoding=\"async\" src=\"https:\/\/franciscoperezyomaholdings.com\/wp-content\/uploads\/elementor\/thumbs\/spring-ranch-colorado-qy1oxhsiiqhfdmx5i1qys6vh60pmgtbqyligpzlzo0.png\" title=\"spring ranch colorado\" alt=\"spring ranch colorado\" loading=\"lazy\" \/><\/figure><\/div><div class=\"elementor-image-box-content\"><h3 class=\"elementor-image-box-title\">Spring Ranch\u2013 Colorado Springs, Colorado<\/h3><p class=\"elementor-image-box-description\">Complejo de 330 unidades\n<\/p><\/div><\/div>\t\t\t\t<\/div>\n\t\t\t\t<\/div>\n\t\t\t\t\t<\/div>\n\t\t<\/div>\n\t\t\t\t\t<\/div>\n\t\t<\/section>\n\t\t\t\t<section class=\"elementor-section elementor-inner-section elementor-element elementor-element-0d0bbc3 elementor-section-content-middle elementor-section-boxed elementor-section-height-default elementor-section-height-default\" data-id=\"0d0bbc3\" data-element_type=\"section\" data-e-type=\"section\">\n\t\t\t\t\t\t<div class=\"elementor-container elementor-column-gap-extended\">\n\t\t\t\t\t<div class=\"elementor-column elementor-col-50 elementor-inner-column elementor-element elementor-element-082f2d9\" data-id=\"082f2d9\" data-element_type=\"column\" data-e-type=\"column\">\n\t\t\t<div class=\"elementor-widget-wrap elementor-element-populated\">\n\t\t\t\t\t\t<div class=\"elementor-element elementor-element-5a9beeb elementor-position-top imagebox-svg-transform-none elementor-vertical-align-top elementor-widget elementor-widget-image-box\" data-id=\"5a9beeb\" data-element_type=\"widget\" data-e-type=\"widget\" data-widget_type=\"image-box.default\">\n\t\t\t\t<div class=\"elementor-widget-container\">\n\t\t\t\t\t<div class=\"elementor-image-box-wrapper\"><div class=\"elementor-image-framed\"><figure class=\"elementor-image-box-img\"><img decoding=\"async\" src=\"https:\/\/franciscoperezyomaholdings.com\/wp-content\/uploads\/elementor\/thumbs\/lenox-copper-texas-qy1oxjo6wek00uuf72k7x6eecsgcw7j7mutfojj7bk.png\" title=\"lenox copper texas\" alt=\"lenox copper texas\" loading=\"lazy\" \/><\/figure><\/div><div class=\"elementor-image-box-content\"><h3 class=\"elementor-image-box-title\">Lenox Copper\u2013 Arlington, Texas<\/h3><p class=\"elementor-image-box-description\">Complejo de 270 unidades<\/p><\/div><\/div>\t\t\t\t<\/div>\n\t\t\t\t<\/div>\n\t\t\t\t\t<\/div>\n\t\t<\/div>\n\t\t\t\t<div class=\"elementor-column elementor-col-50 elementor-inner-column elementor-element elementor-element-4c59e43\" data-id=\"4c59e43\" data-element_type=\"column\" data-e-type=\"column\">\n\t\t\t<div class=\"elementor-widget-wrap elementor-element-populated\">\n\t\t\t\t\t\t<div class=\"elementor-element elementor-element-5010b28 elementor-position-top imagebox-svg-transform-none elementor-vertical-align-top elementor-widget elementor-widget-image-box\" data-id=\"5010b28\" data-element_type=\"widget\" data-e-type=\"widget\" data-widget_type=\"image-box.default\">\n\t\t\t\t<div class=\"elementor-widget-container\">\n\t\t\t\t\t<div class=\"elementor-image-box-wrapper\"><div class=\"elementor-image-framed\"><figure class=\"elementor-image-box-img\"><img decoding=\"async\" src=\"https:\/\/franciscoperezyomaholdings.com\/wp-content\/uploads\/elementor\/thumbs\/brooklyn-new-york-qy1oxjo6wek00uuf72k7x6eecsgcw7j7mutfojj7bk.png\" title=\"brooklyn new york\" alt=\"brooklyn new york\" loading=\"lazy\" \/><\/figure><\/div><div class=\"elementor-image-box-content\"><h3 class=\"elementor-image-box-title\">Brooklyn\u2013 New York, New York<\/h3><p class=\"elementor-image-box-description\">Complejo de 138 unidades<\/p><\/div><\/div>\t\t\t\t<\/div>\n\t\t\t\t<\/div>\n\t\t\t\t\t<\/div>\n\t\t<\/div>\n\t\t\t\t\t<\/div>\n\t\t<\/section>\n\t\t\t\t\t<\/div>\n\t\t<\/div>\n\t\t\t\t\t<\/div>\n\t\t<\/section>\n\t\t\t\t<\/div>\n\t\t","protected":false},"excerpt":{"rendered":"<p>Multifamily Francisco P\u00e9rez Yoma tiene inversiones en desarrollo de 6 edificios de multifamily. Estos 6 proyectos juntos totalizar\u00e1n m\u00e1s de 1637 unidades para arriendo. Estas inversiones se hacen a trav\u00e9s de participaci\u00f3n en fondos de inversi\u00f3n. MAIN STREET LOFTS \u2013 DALLAS \/ FORT WORTH, TX Complejo de 266 unidades Richmond Row \u2013 Suwanee, Georgia Complejo &hellip; <\/p>\n<p class=\"link-more\"><a href=\"https:\/\/franciscoperezyomaholdings.com\/es\/multifamily\/\" class=\"more-link\">Read More <span class=\"screen-reader-text\"> \u00abMultifamily\u00bb<\/span><\/a><\/p>\n","protected":false},"author":1,"featured_media":0,"parent":0,"menu_order":0,"comment_status":"closed","ping_status":"closed","template":"template-page-builder.php","meta":{"inline_featured_image":false,"footnotes":""},"class_list":["post-1255","page","type-page","status-publish","hentry"],"yoast_head":"<!-- This site is optimized with the Yoast SEO plugin v27.3 - https:\/\/yoast.com\/product\/yoast-seo-wordpress\/ -->\n<title>Propiedades Multifamily | Francisco P\u00e9rez Yoma<\/title>\n<meta name=\"description\" content=\"Francisco P\u00e9rez Yoma tiene inversiones en desarrollo de 3 edificios de multifamily Clase AA ubicados en Austin, Texas, Atlanta, entre otros.\" \/>\n<meta name=\"robots\" content=\"index, follow, max-snippet:-1, max-image-preview:large, max-video-preview:-1\" \/>\n<link rel=\"canonical\" href=\"https:\/\/franciscoperezyomaholdings.com\/multifamily\/\" \/>\n<meta property=\"og:locale\" content=\"es_ES\" \/>\n<meta property=\"og:type\" content=\"article\" \/>\n<meta property=\"og:title\" content=\"Propiedades Multifamily | Francisco P\u00e9rez Yoma\" \/>\n<meta property=\"og:description\" content=\"Francisco P\u00e9rez Yoma tiene inversiones en desarrollo de 3 edificios de multifamily Clase AA ubicados en Austin, Texas, Atlanta, entre otros.\" \/>\n<meta property=\"og:url\" content=\"https:\/\/franciscoperezyomaholdings.com\/multifamily\/\" \/>\n<meta property=\"og:site_name\" content=\"franciscoperezyomaholdings\" \/>\n<meta property=\"article:modified_time\" content=\"2024-08-29T18:56:29+00:00\" \/>\n<meta property=\"og:image\" content=\"https:\/\/franciscoperezyomaholdings.com\/wp-content\/uploads\/elementor\/thumbs\/main-street-lofts-francisco-perez-yoma-oyhhqtldmt1et4d4sh0veswhbjio2vplt9v1ku2gpc.png\" \/>\n<meta name=\"twitter:card\" content=\"summary_large_image\" \/>\n<meta name=\"twitter:label1\" content=\"Tiempo de lectura\" \/>\n\t<meta name=\"twitter:data1\" content=\"2 minutos\" \/>\n<script type=\"application\/ld+json\" class=\"yoast-schema-graph\">{\"@context\":\"https:\\\/\\\/schema.org\",\"@graph\":[{\"@type\":\"WebPage\",\"@id\":\"https:\\\/\\\/franciscoperezyomaholdings.com\\\/multifamily\\\/\",\"url\":\"https:\\\/\\\/franciscoperezyomaholdings.com\\\/multifamily\\\/\",\"name\":\"Propiedades Multifamily | Francisco P\u00e9rez Yoma\",\"isPartOf\":{\"@id\":\"https:\\\/\\\/franciscoperezyomaholdings.com\\\/#website\"},\"primaryImageOfPage\":{\"@id\":\"https:\\\/\\\/franciscoperezyomaholdings.com\\\/multifamily\\\/#primaryimage\"},\"image\":{\"@id\":\"https:\\\/\\\/franciscoperezyomaholdings.com\\\/multifamily\\\/#primaryimage\"},\"thumbnailUrl\":\"https:\\\/\\\/franciscoperezyomaholdings.com\\\/wp-content\\\/uploads\\\/elementor\\\/thumbs\\\/main-street-lofts-francisco-perez-yoma-oyhhqtldmt1et4d4sh0veswhbjio2vplt9v1ku2gpc.png\",\"datePublished\":\"2019-02-24T05:28:15+00:00\",\"dateModified\":\"2024-08-29T18:56:29+00:00\",\"description\":\"Francisco P\u00e9rez Yoma tiene inversiones en desarrollo de 3 edificios de multifamily Clase AA ubicados en Austin, Texas, Atlanta, entre otros.\",\"breadcrumb\":{\"@id\":\"https:\\\/\\\/franciscoperezyomaholdings.com\\\/multifamily\\\/#breadcrumb\"},\"inLanguage\":\"es\",\"potentialAction\":[{\"@type\":\"ReadAction\",\"target\":[\"https:\\\/\\\/franciscoperezyomaholdings.com\\\/multifamily\\\/\"]}]},{\"@type\":\"ImageObject\",\"inLanguage\":\"es\",\"@id\":\"https:\\\/\\\/franciscoperezyomaholdings.com\\\/multifamily\\\/#primaryimage\",\"url\":\"https:\\\/\\\/franciscoperezyomaholdings.com\\\/wp-content\\\/uploads\\\/elementor\\\/thumbs\\\/main-street-lofts-francisco-perez-yoma-oyhhqtldmt1et4d4sh0veswhbjio2vplt9v1ku2gpc.png\",\"contentUrl\":\"https:\\\/\\\/franciscoperezyomaholdings.com\\\/wp-content\\\/uploads\\\/elementor\\\/thumbs\\\/main-street-lofts-francisco-perez-yoma-oyhhqtldmt1et4d4sh0veswhbjio2vplt9v1ku2gpc.png\"},{\"@type\":\"BreadcrumbList\",\"@id\":\"https:\\\/\\\/franciscoperezyomaholdings.com\\\/multifamily\\\/#breadcrumb\",\"itemListElement\":[{\"@type\":\"ListItem\",\"position\":1,\"name\":\"Portada\",\"item\":\"https:\\\/\\\/franciscoperezyomaholdings.com\\\/home\\\/\"},{\"@type\":\"ListItem\",\"position\":2,\"name\":\"Multifamily\"}]},{\"@type\":\"WebSite\",\"@id\":\"https:\\\/\\\/franciscoperezyomaholdings.com\\\/#website\",\"url\":\"https:\\\/\\\/franciscoperezyomaholdings.com\\\/\",\"name\":\"franciscoperezyomaholdings\",\"description\":\"\",\"publisher\":{\"@id\":\"https:\\\/\\\/franciscoperezyomaholdings.com\\\/#organization\"},\"potentialAction\":[{\"@type\":\"SearchAction\",\"target\":{\"@type\":\"EntryPoint\",\"urlTemplate\":\"https:\\\/\\\/franciscoperezyomaholdings.com\\\/?s={search_term_string}\"},\"query-input\":{\"@type\":\"PropertyValueSpecification\",\"valueRequired\":true,\"valueName\":\"search_term_string\"}}],\"inLanguage\":\"es\"},{\"@type\":\"Organization\",\"@id\":\"https:\\\/\\\/franciscoperezyomaholdings.com\\\/#organization\",\"name\":\"franciscoperezyomaholdings\",\"url\":\"https:\\\/\\\/franciscoperezyomaholdings.com\\\/\",\"logo\":{\"@type\":\"ImageObject\",\"inLanguage\":\"es\",\"@id\":\"https:\\\/\\\/franciscoperezyomaholdings.com\\\/#\\\/schema\\\/logo\\\/image\\\/\",\"url\":\"https:\\\/\\\/franciscoperezyomaholdings.com\\\/wp-content\\\/uploads\\\/2018\\\/12\\\/logo.svg\",\"contentUrl\":\"https:\\\/\\\/franciscoperezyomaholdings.com\\\/wp-content\\\/uploads\\\/2018\\\/12\\\/logo.svg\",\"caption\":\"franciscoperezyomaholdings\"},\"image\":{\"@id\":\"https:\\\/\\\/franciscoperezyomaholdings.com\\\/#\\\/schema\\\/logo\\\/image\\\/\"}}]}<\/script>\n<!-- \/ Yoast SEO plugin. -->","yoast_head_json":{"title":"Propiedades Multifamily | Francisco P\u00e9rez Yoma","description":"Francisco P\u00e9rez Yoma tiene inversiones en desarrollo de 3 edificios de multifamily Clase AA ubicados en Austin, Texas, Atlanta, entre otros.","robots":{"index":"index","follow":"follow","max-snippet":"max-snippet:-1","max-image-preview":"max-image-preview:large","max-video-preview":"max-video-preview:-1"},"canonical":"https:\/\/franciscoperezyomaholdings.com\/multifamily\/","og_locale":"es_ES","og_type":"article","og_title":"Propiedades Multifamily | Francisco P\u00e9rez Yoma","og_description":"Francisco P\u00e9rez Yoma tiene inversiones en desarrollo de 3 edificios de multifamily Clase AA ubicados en Austin, Texas, Atlanta, entre otros.","og_url":"https:\/\/franciscoperezyomaholdings.com\/multifamily\/","og_site_name":"franciscoperezyomaholdings","article_modified_time":"2024-08-29T18:56:29+00:00","og_image":[{"url":"https:\/\/franciscoperezyomaholdings.com\/wp-content\/uploads\/elementor\/thumbs\/main-street-lofts-francisco-perez-yoma-oyhhqtldmt1et4d4sh0veswhbjio2vplt9v1ku2gpc.png","type":"","width":"","height":""}],"twitter_card":"summary_large_image","twitter_misc":{"Tiempo de lectura":"2 minutos"},"schema":{"@context":"https:\/\/schema.org","@graph":[{"@type":"WebPage","@id":"https:\/\/franciscoperezyomaholdings.com\/multifamily\/","url":"https:\/\/franciscoperezyomaholdings.com\/multifamily\/","name":"Propiedades Multifamily | Francisco P\u00e9rez Yoma","isPartOf":{"@id":"https:\/\/franciscoperezyomaholdings.com\/#website"},"primaryImageOfPage":{"@id":"https:\/\/franciscoperezyomaholdings.com\/multifamily\/#primaryimage"},"image":{"@id":"https:\/\/franciscoperezyomaholdings.com\/multifamily\/#primaryimage"},"thumbnailUrl":"https:\/\/franciscoperezyomaholdings.com\/wp-content\/uploads\/elementor\/thumbs\/main-street-lofts-francisco-perez-yoma-oyhhqtldmt1et4d4sh0veswhbjio2vplt9v1ku2gpc.png","datePublished":"2019-02-24T05:28:15+00:00","dateModified":"2024-08-29T18:56:29+00:00","description":"Francisco P\u00e9rez Yoma tiene inversiones en desarrollo de 3 edificios de multifamily Clase AA ubicados en Austin, Texas, Atlanta, entre otros.","breadcrumb":{"@id":"https:\/\/franciscoperezyomaholdings.com\/multifamily\/#breadcrumb"},"inLanguage":"es","potentialAction":[{"@type":"ReadAction","target":["https:\/\/franciscoperezyomaholdings.com\/multifamily\/"]}]},{"@type":"ImageObject","inLanguage":"es","@id":"https:\/\/franciscoperezyomaholdings.com\/multifamily\/#primaryimage","url":"https:\/\/franciscoperezyomaholdings.com\/wp-content\/uploads\/elementor\/thumbs\/main-street-lofts-francisco-perez-yoma-oyhhqtldmt1et4d4sh0veswhbjio2vplt9v1ku2gpc.png","contentUrl":"https:\/\/franciscoperezyomaholdings.com\/wp-content\/uploads\/elementor\/thumbs\/main-street-lofts-francisco-perez-yoma-oyhhqtldmt1et4d4sh0veswhbjio2vplt9v1ku2gpc.png"},{"@type":"BreadcrumbList","@id":"https:\/\/franciscoperezyomaholdings.com\/multifamily\/#breadcrumb","itemListElement":[{"@type":"ListItem","position":1,"name":"Portada","item":"https:\/\/franciscoperezyomaholdings.com\/home\/"},{"@type":"ListItem","position":2,"name":"Multifamily"}]},{"@type":"WebSite","@id":"https:\/\/franciscoperezyomaholdings.com\/#website","url":"https:\/\/franciscoperezyomaholdings.com\/","name":"franciscoperezyomaholdings","description":"","publisher":{"@id":"https:\/\/franciscoperezyomaholdings.com\/#organization"},"potentialAction":[{"@type":"SearchAction","target":{"@type":"EntryPoint","urlTemplate":"https:\/\/franciscoperezyomaholdings.com\/?s={search_term_string}"},"query-input":{"@type":"PropertyValueSpecification","valueRequired":true,"valueName":"search_term_string"}}],"inLanguage":"es"},{"@type":"Organization","@id":"https:\/\/franciscoperezyomaholdings.com\/#organization","name":"franciscoperezyomaholdings","url":"https:\/\/franciscoperezyomaholdings.com\/","logo":{"@type":"ImageObject","inLanguage":"es","@id":"https:\/\/franciscoperezyomaholdings.com\/#\/schema\/logo\/image\/","url":"https:\/\/franciscoperezyomaholdings.com\/wp-content\/uploads\/2018\/12\/logo.svg","contentUrl":"https:\/\/franciscoperezyomaholdings.com\/wp-content\/uploads\/2018\/12\/logo.svg","caption":"franciscoperezyomaholdings"},"image":{"@id":"https:\/\/franciscoperezyomaholdings.com\/#\/schema\/logo\/image\/"}}]}},"jetpack_sharing_enabled":true,"_links":{"self":[{"href":"https:\/\/franciscoperezyomaholdings.com\/es\/wp-json\/wp\/v2\/pages\/1255","targetHints":{"allow":["GET"]}}],"collection":[{"href":"https:\/\/franciscoperezyomaholdings.com\/es\/wp-json\/wp\/v2\/pages"}],"about":[{"href":"https:\/\/franciscoperezyomaholdings.com\/es\/wp-json\/wp\/v2\/types\/page"}],"author":[{"embeddable":true,"href":"https:\/\/franciscoperezyomaholdings.com\/es\/wp-json\/wp\/v2\/users\/1"}],"replies":[{"embeddable":true,"href":"https:\/\/franciscoperezyomaholdings.com\/es\/wp-json\/wp\/v2\/comments?post=1255"}],"version-history":[{"count":39,"href":"https:\/\/franciscoperezyomaholdings.com\/es\/wp-json\/wp\/v2\/pages\/1255\/revisions"}],"predecessor-version":[{"id":2812,"href":"https:\/\/franciscoperezyomaholdings.com\/es\/wp-json\/wp\/v2\/pages\/1255\/revisions\/2812"}],"wp:attachment":[{"href":"https:\/\/franciscoperezyomaholdings.com\/es\/wp-json\/wp\/v2\/media?parent=1255"}],"curies":[{"name":"wp","href":"https:\/\/api.w.org\/{rel}","templated":true}]}}